{"id":51,"date":"2023-11-28T18:17:58","date_gmt":"2023-11-28T18:17:58","guid":{"rendered":"https:\/\/www.tomascohen.info\/poetry-and-music-copy\/"},"modified":"2024-02-26T21:23:11","modified_gmt":"2024-02-26T21:23:11","slug":"bio","status":"publish","type":"page","link":"https:\/\/www.tomascohen.info\/de\/bio\/","title":{"rendered":"Bio"},"content":{"rendered":"","protected":false},"excerpt":{"rendered":"","protected":false},"author":1,"featured_media":0,"parent":0,"menu_order":9,"comment_status":"closed","ping_status":"closed","template":"","meta":[],"class_list":["post-51","page","type-page","status-publish","hentry"],"aioseo_notices":[],"grid":"{\r\n  \"colCount\": 12,\r\n  \"colGutter\": 1,\r\n  \"rowGutters\": [\r\n    5\r\n  ],\r\n  \"frameMargin\": 5,\r\n  \"leftFrameMargin\": 5,\r\n  \"rightFrameMargin\": 5,\r\n  \"topFrameMargin\": 40,\r\n  \"bottomFrameMargin\": 5,\r\n  \"rowAttrs\": [\r\n    {\r\n      \"relid\": 2\r\n    },\r\n    {\r\n      \"relid\": 4\r\n    }\r\n  ],\r\n  \"bgColor\": \"#f9f9f9\",\r\n  \"bgImage\": null,\r\n  \"cont\": [\r\n    {\r\n      \"type\": \"text\",\r\n      \"cont\": \"<h1 class=\\\"_MENU\\\"><span style=\\\"color: #d9d9d9;\\\"><a style=\\\"color: #d9d9d9;\\\" href=\\\"https:\/\/www.tomascohen.info\/poetry\/\\\" data-id=\\\"40\\\" data-title=\\\"Poesie\\\" data-type=\\\"page\\\">Poesie<\/a>, <a style=\\\"color: #d9d9d9;\\\" href=\\\"https:\/\/www.tomascohen.info\/artisticdirection\/\\\" data-id=\\\"33\\\" data-title=\\\"K\u00fcnstlerische Leitung\\\" data-type=\\\"page\\\">k\u00fcnstlerische Leitung<\/a>, <a style=\\\"color: #d9d9d9;\\\" href=\\\"https:\/\/www.tomascohen.info\/artevisual\/\\\" data-id=\\\"48\\\" data-title=\\\"Bildende Kunst\\\" data-type=\\\"page\\\">bildende Kunst<\/a>, <a style=\\\"color: #d9d9d9;\\\" href=\\\"https:\/\/www.tomascohen.info\/translation\/\\\" data-id=\\\"49\\\" data-title=\\\"\u00dcbersetzung\\\" data-type=\\\"page\\\">\u00dcbersetzung<\/a>, <a style=\\\"color: #d9d9d9;\\\" href=\\\"https:\/\/www.tomascohen.info\/publications-2\/\\\" data-id=\\\"50\\\" data-title=\\\"Ver\u00f6ffentlichungen\\\" data-type=\\\"page\\\">Ver\u00f6ffentlichungen<\/a>, <a style=\\\"color: #d9d9d9;\\\" href=\\\"https:\/\/www.tomascohen.info\/press\/\\\" data-id=\\\"129\\\" data-title=\\\"Presse\\\" data-type=\\\"page\\\">Presse<\/a>, <span style=\\\"color: #000000;\\\">Bio.<\/span><\/span><\/h1>\",\r\n      \"align\": \"top\",\r\n      \"row\": 0,\r\n      \"col\": 0,\r\n      \"colspan\": 11,\r\n      \"offsetx\": 0,\r\n      \"offsety\": 0,\r\n      \"spaceabove\": 0,\r\n      \"spacebelow\": 0,\r\n      \"yvel\": 1,\r\n      \"push\": 0,\r\n      \"relid\": 5,\r\n      \"absolute_position\": false,\r\n      \"stickytop\": \"111\"\r\n    },\r\n    {\r\n      \"type\": \"stack\",\r\n      \"cont\": [\r\n        {\r\n          \"type\": \"text\",\r\n          \"cont\": \"<p><b>Tom\u00e1s Cohen<\/b><span style=\\\"font-weight: 400;\\\"> hat die Gedichtb\u00e4nde <\/span><i><span style=\\\"font-weight: 400;\\\">Redoble del ronroneo<\/span><\/i><span style=\\\"font-weight: 400;\\\"> (Buenos Aires Poetry, Argentinien, 2016),\u00a0 <\/span><i><span style=\\\"font-weight: 400;\\\">Un \u00e1rbol de luz \u00edntima<\/span><\/i><span style=\\\"font-weight: 400;\\\"> (Ediciones Bastante, Chile, 2019), <\/span><i><span style=\\\"font-weight: 400;\\\">Tr\u00edada mayor<\/span><\/i><span style=\\\"font-weight: 400;\\\"> (Siesta Verlag, 2023) und <\/span><i><span style=\\\"font-weight: 400;\\\">Eine Sternwarte im Badezimmer<\/span><\/i><span style=\\\"font-weight: 400;\\\"> (Elif Verlag, 2023) ver\u00f6ffentlicht. Seine Gedichte wurden in acht Sprachen \u00fcbersetzt und in internationalen Zeitschriften und Anthologien ver\u00f6ffentlicht. Seine Arbeit wurde mit Stipendien der Pablo Neruda Stiftung und des Bundes-Buchfonds (Chile), des Baltic Centre for Writers and Translators (Schweden), des \u00dcbersetzerhauses Looren (Schweiz) und des Berliner Senats ausgezeichnet. Er war Editor-at-Large der Zeitschrift <\/span><a href=\\\"https:\/\/www.asymptotejournal.com\/\\\"><span style=\\\"font-weight: 400;\\\">Asymptote<\/span><\/a><span style=\\\"font-weight: 400;\\\">. Derzeit ist er (seit 2015) Mitorganisator der mehrsprachigen Lesereihe Hafenlesung in Hamburg, (seit 2021) Vorstandsmitglied des Vereins <\/span><a href=\\\"https:\/\/www.lesereihen.org\/\\\"><span style=\\\"font-weight: 400;\\\">Unabh\u00e4ngige Lesereihen<\/span><\/a><span style=\\\"font-weight: 400;\\\">, und (ab M\u00e4rz 2023) k\u00fcnstlerischer Leiter von \u201c<\/span><a href=\\\"https:\/\/www.haus-fuer-poesie.org\/en\/literaturwerkstatt-berlin\/vocations\\\"><span style=\\\"font-weight: 400;\\\">VOCATIONS - eine mehrsprachige, transdisziplin\u00e4re Neuerfindung des Kunstliedes in Berlin<\/span><\/a><span style=\\\"font-weight: 400;\\\">\u201d, eine Veranstaltungsreihe des Hauses f\u00fcr Poesie in Zusammenarbeit mit der Akademie der K\u00fcnste. Tom\u00e1s Cohen studierte Kunst, Kunstgeschichte und Musikwissenschaft in Santiago de Chile und New York. Nachdem er zwei Jahre lang in einem buddhistischen Kloster in Kathmandu gelebt hatte, studierte er tibetische Philologie und Sanskrit in Hamburg. Tom\u00e1s und sein Sohn Taro Sol leben in Berlin.<\/span><\/p><p>\u00a0<\/p><p><a rel=\\\"noopener\\\" href=\\\"https:\/\/www.tomascohen.info\/wp-content\/uploads\/2024\/01\/Tomas-Cohen_CV_DE.pdf\\\" target=\\\"_blank\\\"><span style=\\\"font-weight: 400;\\\">Wenn Sie mehr \u00fcber mein Leben und meine Karriere erfahren m\u00f6chten, k\u00f6nnen Sie hier meinen Lebenslauf lesen und herunterladen.<\/span><\/a><\/p>\",\r\n          \"align\": \"onethird\",\r\n          \"row\": -1,\r\n          \"col\": 0,\r\n          \"colspan\": 10,\r\n          \"offsetx\": 0,\r\n          \"offsety\": 0,\r\n          \"spaceabove\": 0,\r\n          \"spacebelow\": 0,\r\n          \"yvel\": 1,\r\n          \"push\": 0,\r\n          \"relid\": 7,\r\n          \"absolute_position\": false\r\n        }\r\n      ],\r\n      \"relid\": 1,\r\n      \"colspan\": 10,\r\n      \"col\": 0,\r\n      \"push\": 0,\r\n      \"row\": 1,\r\n      \"offsetx\": 0,\r\n      \"offsety\": 0,\r\n      \"spaceabove\": 0,\r\n      \"spacebelow\": 0,\r\n      \"align\": \"bottom\",\r\n      \"yvel\": 1,\r\n      \"absolute_position\": false,\r\n      \"frameOverflow\": \"\"\r\n    }\r\n  ]\r\n}","phonegrid":"{\r\n  \"colCount\": 12,\r\n  \"colGutter\": 1,\r\n  \"rowGutters\": [\r\n    \"18\"\r\n  ],\r\n  \"frameMargin\": 5,\r\n  \"leftFrameMargin\": 5,\r\n  \"rightFrameMargin\": 5,\r\n  \"topFrameMargin\": \"6\",\r\n  \"bottomFrameMargin\": \"12\",\r\n  \"rowAttrs\": [\r\n    {\r\n      \"relid\": 2\r\n    },\r\n    {\r\n      \"relid\": 4\r\n    }\r\n  ],\r\n  \"bgColor\": \"#f9f9f9\",\r\n  \"bgImage\": null,\r\n  \"cont\": [\r\n    {\r\n      \"type\": \"text\",\r\n      \"cont\": \"<h1 class=\\\"_MENU\\\"><span style=\\\"color: #d9d9d9;\\\"><a style=\\\"color: #d9d9d9;\\\" href=\\\"https:\/\/www.tomascohen.info\/poetry\/\\\" data-id=\\\"40\\\" data-title=\\\"Poesie\\\" data-type=\\\"page\\\">Poesie<\/a>, <a style=\\\"color: #d9d9d9;\\\" href=\\\"https:\/\/www.tomascohen.info\/artisticdirection\/\\\" data-id=\\\"33\\\" data-title=\\\"K\u00fcnstlerische Leitung\\\" data-type=\\\"page\\\">k\u00fcnstlerische Leitung<\/a>, <a style=\\\"color: #d9d9d9;\\\" href=\\\"https:\/\/www.tomascohen.info\/artevisual\/\\\" data-id=\\\"48\\\" data-title=\\\"Bildende Kunst\\\" data-type=\\\"page\\\">bildende Kunst<\/a>, <a style=\\\"color: #d9d9d9;\\\" href=\\\"https:\/\/www.tomascohen.info\/translation\/\\\" data-id=\\\"49\\\" data-title=\\\"\u00dcbersetzung\\\" data-type=\\\"page\\\">\u00dcbersetzung<\/a>, <a style=\\\"color: #d9d9d9;\\\" href=\\\"https:\/\/www.tomascohen.info\/publications-2\/\\\" data-id=\\\"50\\\" data-title=\\\"Ver\u00f6ffentlichungen\\\" data-type=\\\"page\\\">Ver\u00f6ffentlichungen<\/a>, <a style=\\\"color: #d9d9d9;\\\" href=\\\"https:\/\/www.tomascohen.info\/press\/\\\" data-id=\\\"129\\\" data-title=\\\"Presse\\\" data-type=\\\"page\\\">Presse<\/a>, <span style=\\\"color: #000000;\\\">Bio.<\/span><\/span><\/h1>\",\r\n      \"align\": \"top\",\r\n      \"row\": 0,\r\n      \"col\": 0,\r\n      \"colspan\": 12,\r\n      \"offsetx\": 0,\r\n      \"offsety\": 0,\r\n      \"spaceabove\": 0,\r\n      \"spacebelow\": 0,\r\n      \"yvel\": 1,\r\n      \"push\": 0,\r\n      \"relid\": 5,\r\n      \"absolute_position\": false,\r\n      \"stickytop\": \"111\",\r\n      \"frameOverflow\": \"\"\r\n    },\r\n    {\r\n      \"type\": \"stack\",\r\n      \"cont\": [\r\n        {\r\n          \"type\": \"text\",\r\n          \"cont\": \"<p><b>Tom\u00e1s Cohen<\/b><span style=\\\"font-weight: 400;\\\"> hat die Gedichtb\u00e4nde <\/span><i><span style=\\\"font-weight: 400;\\\">Redoble del ronroneo<\/span><\/i><span style=\\\"font-weight: 400;\\\"> (Buenos Aires Poetry, Argentinien, 2016),\u00a0 <\/span><i><span style=\\\"font-weight: 400;\\\">Un \u00e1rbol de luz \u00edntima<\/span><\/i><span style=\\\"font-weight: 400;\\\"> (Ediciones Bastante, Chile, 2019), <\/span><i><span style=\\\"font-weight: 400;\\\">Tr\u00edada mayor<\/span><\/i><span style=\\\"font-weight: 400;\\\"> (Siesta Verlag, 2023) und <\/span><i><span style=\\\"font-weight: 400;\\\">Eine Sternwarte im Badezimmer<\/span><\/i><span style=\\\"font-weight: 400;\\\"> (Elif Verlag, 2023) ver\u00f6ffentlicht. Seine Gedichte wurden in acht Sprachen \u00fcbersetzt und in internationalen Zeitschriften und Anthologien ver\u00f6ffentlicht. Seine Arbeit wurde mit Stipendien der Pablo Neruda Stiftung und des Bundes-Buchfonds (Chile), des Baltic Centre for Writers and Translators (Schweden), des \u00dcbersetzerhauses Looren (Schweiz) und des Berliner Senats ausgezeichnet. Er war Editor-at-Large der Zeitschrift <\/span><a href=\\\"https:\/\/www.asymptotejournal.com\/\\\"><span style=\\\"font-weight: 400;\\\">Asymptote<\/span><\/a><span style=\\\"font-weight: 400;\\\">. Derzeit ist er (seit 2015) Mitorganisator der mehrsprachigen Lesereihe Hafenlesung in Hamburg, (seit 2021) Vorstandsmitglied des Vereins <\/span><a href=\\\"https:\/\/www.lesereihen.org\/\\\"><span style=\\\"font-weight: 400;\\\">Unabh\u00e4ngige Lesereihen<\/span><\/a><span style=\\\"font-weight: 400;\\\">, und (ab M\u00e4rz 2023) k\u00fcnstlerischer Leiter von \u201c<\/span><a href=\\\"https:\/\/www.haus-fuer-poesie.org\/en\/literaturwerkstatt-berlin\/vocations\\\"><span style=\\\"font-weight: 400;\\\">VOCATIONS - eine mehrsprachige, transdisziplin\u00e4re Neuerfindung des Kunstliedes in Berlin<\/span><\/a><span style=\\\"font-weight: 400;\\\">\u201d, eine Veranstaltungsreihe des Hauses f\u00fcr Poesie in Zusammenarbeit mit der Akademie der K\u00fcnste. Tom\u00e1s Cohen studierte Kunst, Kunstgeschichte und Musikwissenschaft in Santiago de Chile und New York. Nachdem er zwei Jahre lang in einem buddhistischen Kloster in Kathmandu gelebt hatte, studierte er tibetische Philologie und Sanskrit in Hamburg. Tom\u00e1s und sein Sohn Taro Sol leben in Berlin.<\/span><\/p><p>\u00a0<\/p><p><a rel=\\\"noopener\\\" href=\\\"https:\/\/www.tomascohen.info\/wp-content\/uploads\/2024\/01\/Tomas-Cohen_CV_DE.pdf\\\" target=\\\"_blank\\\"><span style=\\\"font-weight: 400;\\\">Wenn Sie mehr \u00fcber mein Leben und meine Karriere erfahren m\u00f6chten, k\u00f6nnen Sie hier meinen Lebenslauf lesen und herunterladen.<\/span><\/a><\/p>\",\r\n          \"align\": \"onethird\",\r\n          \"row\": -1,\r\n          \"col\": 0,\r\n          \"colspan\": 12,\r\n          \"offsetx\": 0,\r\n          \"offsety\": 0,\r\n          \"spaceabove\": 0,\r\n          \"spacebelow\": 0,\r\n          \"yvel\": 1,\r\n          \"push\": 0,\r\n          \"relid\": 7,\r\n          \"absolute_position\": false\r\n        }\r\n      ],\r\n      \"relid\": 1,\r\n      \"colspan\": 12,\r\n      \"col\": 0,\r\n      \"push\": 0,\r\n      \"row\": 1,\r\n      \"offsetx\": 0,\r\n      \"offsety\": 0,\r\n      \"spaceabove\": 0,\r\n      \"spacebelow\": 0,\r\n      \"align\": \"bottom\",\r\n      \"yvel\": 1,\r\n      \"absolute_position\": false\r\n    }\r\n  ]\r\n}","_links":{"self":[{"href":"https:\/\/www.tomascohen.info\/de\/wp-json\/wp\/v2\/pages\/51","targetHints":{"allow":["GET"]}}],"collection":[{"href":"https:\/\/www.tomascohen.info\/de\/wp-json\/wp\/v2\/pages"}],"about":[{"href":"https:\/\/www.tomascohen.info\/de\/wp-json\/wp\/v2\/types\/page"}],"author":[{"embeddable":true,"href":"https:\/\/www.tomascohen.info\/de\/wp-json\/wp\/v2\/users\/1"}],"replies":[{"embeddable":true,"href":"https:\/\/www.tomascohen.info\/de\/wp-json\/wp\/v2\/comments?post=51"}],"version-history":[{"count":0,"href":"https:\/\/www.tomascohen.info\/de\/wp-json\/wp\/v2\/pages\/51\/revisions"}],"wp:attachment":[{"href":"https:\/\/www.tomascohen.info\/de\/wp-json\/wp\/v2\/media?parent=51"}],"curies":[{"name":"wp","href":"https:\/\/api.w.org\/{rel}","templated":true}]}}