{"id":48,"date":"2023-11-28T18:05:31","date_gmt":"2023-11-28T18:05:31","guid":{"rendered":"https:\/\/www.tomascohen.info\/poetry-copy\/"},"modified":"2024-02-26T21:08:04","modified_gmt":"2024-02-26T21:08:04","slug":"paintinganddrawing","status":"publish","type":"page","link":"https:\/\/www.tomascohen.info\/de\/paintinganddrawing\/","title":{"rendered":"Bildende Kunst"},"content":{"rendered":"","protected":false},"excerpt":{"rendered":"","protected":false},"author":1,"featured_media":0,"parent":0,"menu_order":6,"comment_status":"closed","ping_status":"closed","template":"","meta":[],"class_list":["post-48","page","type-page","status-publish","hentry"],"aioseo_notices":[],"grid":"{\r\n  \"colCount\": 12,\r\n  \"colGutter\": 1,\r\n  \"rowGutters\": [\r\n    5\r\n  ],\r\n  \"frameMargin\": 5,\r\n  \"leftFrameMargin\": 5,\r\n  \"rightFrameMargin\": 5,\r\n  \"topFrameMargin\": 40,\r\n  \"bottomFrameMargin\": 5,\r\n  \"rowAttrs\": [\r\n    {\r\n      \"relid\": 2\r\n    },\r\n    {\r\n      \"relid\": 4\r\n    }\r\n  ],\r\n  \"bgColor\": \"#f9f9f9\",\r\n  \"bgImage\": null,\r\n  \"cont\": [\r\n    {\r\n      \"type\": \"text\",\r\n      \"cont\": \"<h1 class=\\\"_MENU\\\"><span style=\\\"color: #d9d9d9;\\\"><a style=\\\"color: #d9d9d9;\\\" href=\\\"https:\/\/www.tomascohen.info\/poetry\/\\\" data-id=\\\"40\\\" data-title=\\\"Poesie\\\" data-type=\\\"page\\\">Poesie<\/a>, <a style=\\\"color: #d9d9d9;\\\" href=\\\"https:\/\/www.tomascohen.info\/artisticdirection\/\\\" data-id=\\\"33\\\" data-title=\\\"K\u00fcnstlerische Leitung\\\" data-type=\\\"page\\\">k\u00fcnstlerische Leitung<\/a>, <span style=\\\"color: #000000;\\\"><a style=\\\"color: #000000;\\\" href=\\\"https:\/\/www.tomascohen.info\/artevisual\/\\\" data-id=\\\"48\\\" data-title=\\\"Bildende Kunst\\\" data-type=\\\"page\\\">bildende Kunst<\/a>,<\/span> <a style=\\\"color: #d9d9d9;\\\" href=\\\"https:\/\/www.tomascohen.info\/translation\/\\\" data-id=\\\"49\\\" data-title=\\\"\u00dcbersetzung\\\" data-type=\\\"page\\\">\u00dcbersetzung<\/a>, <a style=\\\"color: #d9d9d9;\\\" href=\\\"https:\/\/www.tomascohen.info\/publications-2\/\\\" data-id=\\\"50\\\" data-title=\\\"Ver\u00f6ffentlichungen\\\" data-type=\\\"page\\\">Ver\u00f6ffentlichungen<\/a>, <a style=\\\"color: #d9d9d9;\\\" href=\\\"https:\/\/www.tomascohen.info\/press\/\\\" data-id=\\\"129\\\" data-title=\\\"Presse\\\" data-type=\\\"page\\\">Presse<\/a>, <a style=\\\"color: #d9d9d9;\\\" href=\\\"https:\/\/www.tomascohen.info\/bio\/\\\" data-id=\\\"51\\\" data-title=\\\"Bio\\\" data-type=\\\"page\\\">Bio<\/a>.<\/span><\/h1>\",\r\n      \"align\": \"top\",\r\n      \"row\": 0,\r\n      \"col\": 0,\r\n      \"colspan\": 11,\r\n      \"offsetx\": 0,\r\n      \"offsety\": 0,\r\n      \"spaceabove\": 0,\r\n      \"spacebelow\": 0,\r\n      \"yvel\": 1,\r\n      \"push\": 0,\r\n      \"relid\": 5,\r\n      \"absolute_position\": false,\r\n      \"stickytop\": \"111\"\r\n    },\r\n    {\r\n      \"type\": \"stack\",\r\n      \"cont\": [\r\n        {\r\n          \"type\": \"text\",\r\n          \"cont\": \"<p><span style=\\\"font-weight: 400;\\\">Die bildende Kunst hat mich mein ganzes Leben lang begleitet. Mit Comics ging mein Schreiben Hand in Hand mit dem Zeichnen. Ich habe bildende Kunst studiert und war Assistenzlehrer in den F\u00e4chern Zeichnung, Gravur und Werkentwicklung. Au\u00dferdem studierte ich Kunstgeschichte und arbeitete f\u00fcr ein Kunstauktionshaus. Auch wenn sich dies in meiner ver\u00f6ffentlichten Gedichtb\u00e4nde nicht explizit widerspiegelt, ist meine Arbeit im Manuskript sehr bildhaft, umfasst Collagen und gro\u00dfformatige Zeichnungen.\u00a0<\/span><\/p><p><span style=\\\"font-weight: 400;\\\"><br \/><\/span><span style=\\\"font-weight: 400;\\\">Die gro\u00dfartige visuelle Online-Anthologie <\/span><a rel=\\\"noopener\\\" href=\\\"https:\/\/50watts.com\/filter\/tomas-cohen\/Hugo-Herrera-and-Hercules\\\" target=\\\"_blank\\\"><span style=\\\"font-weight: 400;\\\">50watts enth\u00e4lt eine Auswahl meiner Comics und Illustrationen<\/span><\/a><span style=\\\"font-weight: 400;\\\">. Mappen meiner Gem\u00e4lde, Zeichnungen und Illustrationen k\u00f6nnen Sie unten ansehen und herunterladen.<\/span><\/p><p class=\\\"_Default\\\">\u00a0<\/p><p><span style=\\\"font-weight: 400;\\\">Wenn Sie daran interessiert sind, eines meiner Kunstwerke zu kaufen, schreiben Sie bitte an contact@tomascohen.info.<\/span><\/p><p>\u00a0<\/p><p><a rel=\\\"noopener\\\" href=\\\"https:\/\/www.tomascohen.info\/wp-content\/uploads\/2024\/01\/Tomas-Cohen-_painting-portfolio_2023.pdf\\\" target=\\\"_blank\\\"><span style=\\\"font-weight: 400;\\\">Mappe der Gem\u00e4lde 2023\u00a0<br \/><\/span><\/a><a rel=\\\"noopener\\\" href=\\\"https:\/\/www.tomascohen.info\/wp-content\/uploads\/2024\/01\/Tomas-Cohen_painting-portfolio_2020.pdf\\\" target=\\\"_blank\\\"><span style=\\\"font-weight: 400;\\\">Mappe der Gem\u00e4lde 2020\u00a0<br \/><\/span><\/a><span style=\\\"font-weight: 400;\\\"><a rel=\\\"noopener\\\" href=\\\"https:\/\/www.tomascohen.info\/wp-content\/uploads\/2024\/01\/Tomas-Cohen_Illustration-portfolio.pdf\\\" target=\\\"_blank\\\">Mappe der Illustrationen<\/a><br \/><a rel=\\\"noopener\\\" href=\\\"https:\/\/www.tomascohen.info\/wp-content\/uploads\/2024\/01\/Tomas-Cohen_portfolio-of-drawings.pdf\\\" target=\\\"_blank\\\">Mappe der Zeichnungen<\/a><\/span><\/p>\",\r\n          \"align\": \"onethird\",\r\n          \"row\": -1,\r\n          \"col\": 0,\r\n          \"colspan\": 10,\r\n          \"offsetx\": 0,\r\n          \"offsety\": 0,\r\n          \"spaceabove\": 0,\r\n          \"spacebelow\": 0,\r\n          \"yvel\": 1,\r\n          \"push\": 0,\r\n          \"relid\": 7,\r\n          \"absolute_position\": false\r\n        }\r\n      ],\r\n      \"relid\": 1,\r\n      \"colspan\": 10,\r\n      \"col\": 0,\r\n      \"push\": 0,\r\n      \"row\": 1,\r\n      \"offsetx\": 0,\r\n      \"offsety\": 0,\r\n      \"spaceabove\": 0,\r\n      \"spacebelow\": 0,\r\n      \"align\": \"bottom\",\r\n      \"yvel\": 1,\r\n      \"absolute_position\": false,\r\n      \"frameOverflow\": \"\"\r\n    }\r\n  ]\r\n}","phonegrid":"{\r\n  \"colCount\": 12,\r\n  \"colGutter\": 1,\r\n  \"rowGutters\": [\r\n    \"12\"\r\n  ],\r\n  \"frameMargin\": 5,\r\n  \"leftFrameMargin\": 5,\r\n  \"rightFrameMargin\": 5,\r\n  \"topFrameMargin\": \"6\",\r\n  \"bottomFrameMargin\": \"12\",\r\n  \"rowAttrs\": [\r\n    {\r\n      \"relid\": 2\r\n    },\r\n    {\r\n      \"relid\": 4\r\n    }\r\n  ],\r\n  \"bgColor\": \"#f9f9f9\",\r\n  \"bgImage\": null,\r\n  \"cont\": [\r\n    {\r\n      \"type\": \"text\",\r\n      \"cont\": \"<h1 class=\\\"_MENU\\\"><span style=\\\"color: #d9d9d9;\\\"><a style=\\\"color: #d9d9d9;\\\" href=\\\"https:\/\/www.tomascohen.info\/poetry\/\\\" data-id=\\\"40\\\" data-title=\\\"Poesie\\\" data-type=\\\"page\\\">Poesie<\/a>, <a style=\\\"color: #d9d9d9;\\\" href=\\\"https:\/\/www.tomascohen.info\/artisticdirection\/\\\" data-id=\\\"33\\\" data-title=\\\"K\u00fcnstlerische Leitung\\\" data-type=\\\"page\\\">k\u00fcnstlerische Leitung<\/a>, <span style=\\\"color: #000000;\\\"><a style=\\\"color: #000000;\\\" href=\\\"https:\/\/www.tomascohen.info\/artevisual\/\\\" data-id=\\\"48\\\" data-title=\\\"Bildende Kunst\\\" data-type=\\\"page\\\">bildende Kunst<\/a>,<\/span> <a style=\\\"color: #d9d9d9;\\\" href=\\\"https:\/\/www.tomascohen.info\/translation\/\\\" data-id=\\\"49\\\" data-title=\\\"\u00dcbersetzung\\\" data-type=\\\"page\\\">\u00dcbersetzung<\/a>, <a style=\\\"color: #d9d9d9;\\\" href=\\\"https:\/\/www.tomascohen.info\/publications-2\/\\\" data-id=\\\"50\\\" data-title=\\\"Ver\u00f6ffentlichungen\\\" data-type=\\\"page\\\">Ver\u00f6ffentlichungen<\/a>, <a style=\\\"color: #d9d9d9;\\\" href=\\\"https:\/\/www.tomascohen.info\/press\/\\\" data-id=\\\"129\\\" data-title=\\\"Presse\\\" data-type=\\\"page\\\">Presse<\/a>, <a style=\\\"color: #d9d9d9;\\\" href=\\\"https:\/\/www.tomascohen.info\/bio\/\\\" data-id=\\\"51\\\" data-title=\\\"Bio\\\" data-type=\\\"page\\\">Bio<\/a>.<\/span><\/h1>\",\r\n      \"align\": \"top\",\r\n      \"row\": 0,\r\n      \"col\": 0,\r\n      \"colspan\": 12,\r\n      \"offsetx\": 0,\r\n      \"offsety\": 0,\r\n      \"spaceabove\": 0,\r\n      \"spacebelow\": 0,\r\n      \"yvel\": 1,\r\n      \"push\": 0,\r\n      \"relid\": 5,\r\n      \"absolute_position\": false,\r\n      \"stickytop\": \"111\",\r\n      \"frameOverflow\": \"\"\r\n    },\r\n    {\r\n      \"type\": \"stack\",\r\n      \"cont\": [\r\n        {\r\n          \"type\": \"text\",\r\n          \"cont\": \"<p><span style=\\\"font-weight: 400;\\\">Die bildende Kunst hat mich mein ganzes Leben lang begleitet. Mit Comics ging mein Schreiben Hand in Hand mit dem Zeichnen. Ich habe bildende Kunst studiert und war Assistenzlehrer in den F\u00e4chern Zeichnung, Gravur und Werkentwicklung. Au\u00dferdem studierte ich Kunstgeschichte und arbeitete f\u00fcr ein Kunstauktionshaus. Auch wenn sich dies in meiner ver\u00f6ffentlichten Gedichtb\u00e4nde nicht explizit widerspiegelt, ist meine Arbeit im Manuskript sehr bildhaft, umfasst Collagen und gro\u00dfformatige Zeichnungen.\u00a0<\/span><\/p><p><span style=\\\"font-weight: 400;\\\"><br \/><\/span><span style=\\\"font-weight: 400;\\\">Die gro\u00dfartige visuelle Online-Anthologie <\/span><a rel=\\\"noopener\\\" href=\\\"https:\/\/50watts.com\/filter\/tomas-cohen\/Hugo-Herrera-and-Hercules\\\" target=\\\"_blank\\\"><span style=\\\"font-weight: 400;\\\">50watts enth\u00e4lt eine Auswahl meiner Comics und Illustrationen<\/span><\/a><span style=\\\"font-weight: 400;\\\">. Mappen meiner Gem\u00e4lde, Zeichnungen und Illustrationen k\u00f6nnen Sie unten ansehen und herunterladen.<\/span><\/p><p class=\\\"_Default\\\">\u00a0<\/p><p><span style=\\\"font-weight: 400;\\\">Wenn Sie daran interessiert sind, eines meiner Kunstwerke zu kaufen, schreiben Sie bitte an contact@tomascohen.info.<\/span><\/p><p>\u00a0<\/p><p><a rel=\\\"noopener\\\" href=\\\"https:\/\/www.tomascohen.info\/wp-content\/uploads\/2024\/01\/Tomas-Cohen-_painting-portfolio_2023.pdf\\\" target=\\\"_blank\\\"><span style=\\\"font-weight: 400;\\\">Mappe der Gem\u00e4lde 2023\u00a0<br \/><\/span><\/a><a rel=\\\"noopener\\\" href=\\\"https:\/\/www.tomascohen.info\/wp-content\/uploads\/2024\/01\/Tomas-Cohen_painting-portfolio_2020.pdf\\\" target=\\\"_blank\\\"><span style=\\\"font-weight: 400;\\\">Mappe der Gem\u00e4lde 2020\u00a0<br \/><\/span><\/a><span style=\\\"font-weight: 400;\\\"><a rel=\\\"noopener\\\" href=\\\"https:\/\/www.tomascohen.info\/wp-content\/uploads\/2024\/01\/Tomas-Cohen_Illustration-portfolio.pdf\\\" target=\\\"_blank\\\">Mappe der Illustrationen<\/a><br \/><a rel=\\\"noopener\\\" href=\\\"https:\/\/www.tomascohen.info\/wp-content\/uploads\/2024\/01\/Tomas-Cohen_portfolio-of-drawings.pdf\\\" target=\\\"_blank\\\">Mappe der Zeichnungen<\/a><\/span><\/p>\",\r\n          \"align\": \"onethird\",\r\n          \"row\": -1,\r\n          \"col\": 0,\r\n          \"colspan\": 12,\r\n          \"offsetx\": 0,\r\n          \"offsety\": 0,\r\n          \"spaceabove\": 0,\r\n          \"spacebelow\": 0,\r\n          \"yvel\": 1,\r\n          \"push\": 0,\r\n          \"relid\": 7,\r\n          \"absolute_position\": false\r\n        }\r\n      ],\r\n      \"relid\": 1,\r\n      \"colspan\": 12,\r\n      \"col\": 0,\r\n      \"push\": 0,\r\n      \"row\": 1,\r\n      \"offsetx\": 0,\r\n      \"offsety\": 0,\r\n      \"spaceabove\": 0,\r\n      \"spacebelow\": 0,\r\n      \"align\": \"bottom\",\r\n      \"yvel\": 1,\r\n      \"absolute_position\": false\r\n    }\r\n  ]\r\n}","_links":{"self":[{"href":"https:\/\/www.tomascohen.info\/de\/wp-json\/wp\/v2\/pages\/48","targetHints":{"allow":["GET"]}}],"collection":[{"href":"https:\/\/www.tomascohen.info\/de\/wp-json\/wp\/v2\/pages"}],"about":[{"href":"https:\/\/www.tomascohen.info\/de\/wp-json\/wp\/v2\/types\/page"}],"author":[{"embeddable":true,"href":"https:\/\/www.tomascohen.info\/de\/wp-json\/wp\/v2\/users\/1"}],"replies":[{"embeddable":true,"href":"https:\/\/www.tomascohen.info\/de\/wp-json\/wp\/v2\/comments?post=48"}],"version-history":[{"count":0,"href":"https:\/\/www.tomascohen.info\/de\/wp-json\/wp\/v2\/pages\/48\/revisions"}],"wp:attachment":[{"href":"https:\/\/www.tomascohen.info\/de\/wp-json\/wp\/v2\/media?parent=48"}],"curies":[{"name":"wp","href":"https:\/\/api.w.org\/{rel}","templated":true}]}}